{"id":64,"date":"2016-05-11T12:50:41","date_gmt":"2016-05-11T12:50:41","guid":{"rendered":"http:\/\/windycities.de\/?page_id=64"},"modified":"2021-03-24T07:56:33","modified_gmt":"2021-03-24T07:56:33","slug":"privacy","status":"publish","type":"page","link":"https:\/\/www.windycities.de\/de\/privacy\/","title":{"rendered":"Datenschutz"},"content":{"rendered":"<p><\/p>\n<h1>Datenschutz und Datenschutzerkl\u00e4rung<\/h1>\n<h2><strong>Allgemeines<\/strong><\/h2>\n<p>Wir freuen uns, dass Sie unsere Website besuchen und m\u00f6chten Sie darauf hinweisen, dass beim Besuch unseres Webauftritts auch Daten verarbeitet werden, bei denen ein Personenbezug nicht g\u00e4nzlich ausgeschlossen werden kann.<\/p>\n<p>Das Gebot der Datensparsamkeit ist uns wichtig: Personenbezogene Daten werden von uns deswegen ausschlie\u00dflich nur im technisch erforderlichen Umstand und nach Ma\u00dfgabe dieser Datenschutzerkl\u00e4rung erhoben und verarbeitet. Ihre Daten werden von uns weder an Dritte verkauft noch werden Sie von uns an Dritte weitergebeben.<\/p>\n<h2><strong> Verantwortlicher und Datenschutzbeauftragter<\/strong><\/h2>\n<p>F\u00fcr die Verarbeitung von personenbezogenen Daten im Rahmen der Nutzung dieser Website verantwortlich ist:<\/p>\n<p>Hochschule f\u00fcr Technik Stuttgart<br \/>\nSchellingstr. 24<br \/>\nD-70174 Stuttgart<br \/>\nTelefon +49 (0)711 8926 2660<br \/>\n<a href=\"mailto:rektorat@hft-stuttgart.de\">rektorat@hft-stuttgart.de<\/a><\/p>\n<p>Als Datenschutzbeauftragter ist benannt:<\/p>\n<p>Prof. Dr. Christof Mosler<br \/>\nTelefon +49 (0)711 8926 2796<br \/>\n<a href=\"mailto:datenschutz@hft-stuttgart.de\">datenschutz@hft-stuttgart.de<\/a><\/p>\n<h2><strong>Bereitstellung der Website und Erstellung von Logfiles<\/strong><\/h2>\n<p>Bei Aufruf einer Website \u00fcbermittelt Ihr Browser an den Webserver regelm\u00e4\u00dfig Daten Ihres abrufenden Ger\u00e4ts, wie zum Beispiel die IP-Adresse, an die die Website gesendet werden soll.<\/p>\n<p>Im Einzelnen wird \u00fcber jeden Abruf folgender Datensatz erhoben und in den Logfiles des Servers gespeichert:<\/p>\n<ul>\n<li>Name der abgerufenen Datei<\/li>\n<li>Datum und Uhrzeit des Abrufs<\/li>\n<li>Meldung, ob der Abruf erfolgreich war<\/li>\n<li>URL der verweisenden Seite<\/li>\n<li>Browsertyp und \u2013version<\/li>\n<li>Betriebssystem<\/li>\n<\/ul>\n<p>Nicht gespeichert wird die volle IP-Adresse des Rechners, von dem die Anfrage abgeschickt wurde. Personenbezogene Nutzerprofile k\u00f6nnen daher nicht gebildet werden.<\/p>\n<p>Die vor\u00fcbergehende Speicherung der IP-Adresse durch das System ist notwendig, um eine Auslieferung der Website an den Rechner des Nutzers zu erm\u00f6glichen. Hierf\u00fcr muss die IP-Adresse des Nutzers f\u00fcr die Dauer der Sitzung gespeichert bleiben. Rechtsgrundlage f\u00fcr die vor\u00fcbergehende Speicherung der Daten sowie f\u00fcr die Protokollierung in den Logfiles ist Art. 6 Abs. 1 lit. e DSGVO (i.V.m. \u00a7 2 LHG). Die Bereitstellung der Informationen auf unserer Website dient auch der Unterrichtung der \u00d6ffentlichkeit \u00fcber die Vorg\u00e4nge in unserem Haus sowie der Beratung und Begleitung der Studierenden und anderer interessierter Personen \u00fcber Inhalte, Aufbau und Anforderungen eines Studiums.<\/p>\n<p>Die Daten werden gel\u00f6scht, sobald sie f\u00fcr die Erreichung des Zweckes ihrer Erhebung nicht mehr erforderlich sind. Im Falle der Erfassung der Daten zur Bereitstellung der Website ist dies der Fall, wenn die jeweilige Sitzung beendet ist.<\/p>\n<h2><strong>Verwendung von Cookies<\/strong><\/h2>\n<p>Beim Besuch unserer Homepage werden automatisch sogenannte Cookies gesetzt. Bei Cookies handelt es sich um Textdateien, die im Internetbrowser bzw. vom Internetbrowser auf dem Computersystem des Nutzers gespeichert werden. Ruft ein Nutzer eine Webseite auf, so kann ein Cookie auf dem Betriebssystem des Nutzers gespeichert werden. Dieser Cookie enth\u00e4lt eine charakteristische Zeichenfolge, die eine eindeutige Identifizierung des Browsers beim erneuten Aufrufen der Website erm\u00f6glicht.<\/p>\n<p>Cookies k\u00f6nnen mit einer Verfallszeit versehen werden. Wir setzen vornehmlich sog. Session-Cookies ein. Diese werden beim Schlie\u00dfen Ihres Browsers automatisch gel\u00f6scht. Das Speichern von Cookies durch uns k\u00f6nnen Sie blockieren, indem Sie in Ihrem Browser das Setzen von Cookies durch unsere Internetseite blockieren. In diesem Fall lassen sich die \u00fcber die Cookies gesteuerten Funktionen allerdings nicht mehr nutzen. Sie haben zudem die M\u00f6glichkeit die in ihrem Browser gespeicherten Cookies einzusehen und gezielt einzelne Cookies zu l\u00f6schen.<\/p>\n<p>Wir setzen die Cookies ein, um unser Webangebot nutzerfreundlicher zu gestalten. Einige Elemente unserer Internetseite erfordern es, dass der aufrufende Browser auch nach einem Seitenwechsel identifiziert werden kann. Einige Funktionen k\u00f6nnen ohne den Einsatz von Cookies nicht angeboten werden. Die durch technisch notwendigen Cookies erhobenen Nutzerdaten werden nicht zur Erstellung von Nutzerprofilen verwendet. Die Rechtsgrundlage f\u00fcr die Verarbeitung von personenbezogenen Daten unter der Verwendung von technisch notwendigen Cookies ist Art. 6 Abs. 1 lit. e DSGVO.<\/p>\n<p>In den Cookies werden dabei folgende Daten gespeichert und \u00fcbermittelt:<\/p>\n<ul>\n<li>Spracheinstellungen<\/li>\n<li>Log-In-Informationen<\/li>\n<\/ul>\n<p>Wir verwenden ferner auf unserer Webseite auch Cookies, die eine Analyse des Surfverhaltens der Nutzer erm\u00f6glichen. Einzelheiten entnehmen Sie bitte dem Unterpunkt Statistische Auswertung mit Matomo. Die Verwendung des Analyse-Cookies erfolgt, um die Qualit\u00e4t unserer Webseite und ihre Inhalte zu verbessern. Durch die Analyse-Cookies erfahren wir, wie die Website genutzt wird und sind so in der Lage unser Angebot stetig zu optimieren.<\/p>\n<h2><strong>Zuschriften per Brief\/Fax\/E-Mail\/telefonische Kontaktaufnahme<\/strong><\/h2>\n<p>Zweck der Er\u00f6ffnung obig genannter Kommunikationskan\u00e4le ist es, die Kontaktaufnahme mit allen Interessierten zu erm\u00f6glichen. Sei es zum Beispiel um Sachanfragen vorzutragen, Informationen zu erfragen, Bewerbungen abzugeben, Beschwerden einzureichen. Dar\u00fcber hinaus nutzen wir diese Kommunikationskan\u00e4le unter anderem um Mitteilungen an Besch\u00e4ftigte zu machen, Einladungen zu Veranstaltungen zu adressieren oder Presseanfragen zu erm\u00f6glichen. Dabei werden regelm\u00e4\u00dfig Name, Vorname, Anschrift des Betroffenen verarbeitet; die M\u00f6glichkeit, sich anonym an den LfDI BW zu wenden, besteht uneingeschr\u00e4nkt daneben. Rechtsgrundlage f\u00fcr die Verarbeitung ist Art. 6 Abs. 1 lit. e DSGVO i.V.m. \u00a7\u00a7 2, 12 LHG.<\/p>\n<p>Empf\u00e4nger personenbezogener Daten sind regelm\u00e4\u00dfig Beh\u00f6rden, Unternehmen und Privatpersonen, denen im Rahmen der Aufgaben und Befugnissen der Hochschule gem\u00e4\u00df \u00a7 2 LHG i.V.m. Art. 6 Abs. 1 Buchstabe e DS-GVO diese Informationen \u00fcbermittelt werden.<\/p>\n<p>Die von uns eingesetzte Campusmanagementsoftware der HIS eG wird vom Hochschulservicezentrum Baden-W\u00fcrttemberg gehostet.<\/p>\n<p>Die Daten werden gel\u00f6scht, sobald sie f\u00fcr die Erreichung des Zweckes ihrer Erhebung nicht mehr erforderlich sind und auch keine Aufbewahrungspflichten entgegenstehen bzw. die Unterlagen nicht vom Landesarchiv \u00fcbernommen werden. Bei Anfragen ist dies regelm\u00e4\u00dfig dann der Fall, wenn der in ihnen thematisierte Sachverhalt abschlie\u00dfend gekl\u00e4rt ist.<\/p>\n<h2><strong> Betroffenenrechte<\/strong><\/h2>\n<p>Ihnen steht ein Recht auf Auskunft (Art. 15 DSGVO) sowie ein Recht auf Berichtigung (Art. 16 DSGVO) oder L\u00f6schung (Art. 17 DSGVO) oder auf Einschr\u00e4nkung der Verarbeitung (Art. 18 DSGVO) oder ein Recht auf Widerspruch gegen die Verarbeitung (Art. 21 DSGVO) sowie ein Recht auf Daten\u00fcbertragbarkeit (Art. 20 DSGVO) zu.<\/p>\n<p>N\u00e4here Informationen zum Recht auf Auskunft sowie zum Recht auf L\u00f6schung finden Sie hier<\/p>\n<p><a href=\"https:\/\/www.baden-wuerttemberg.datenschutz.de\/wp-content\/uploads\/2013\/02\/DSK-Kurzpapier-6-Auskunftsrecht.pdf\">https:\/\/www.baden-wuerttemberg.datenschutz.de\/wp-content\/uploads\/2013\/02\/DSK-Kurzpapier-6-Auskunftsrecht.pdf<\/a><\/p>\n<p><a href=\"https:\/\/www.baden-wuerttemberg.datenschutz.de\/wp-content\/uploads\/2017\/08\/DSK_KPNr_11_Recht-auf-Vergessenwerden.pdf\">https:\/\/www.baden-wuerttemberg.datenschutz.de\/wp-content\/uploads\/2017\/08\/DSK_KPNr_11_Recht-auf-Vergessenwerden.pdf<\/a><\/p>\n<p>Sie haben das Recht, Ihre datenschutzrechtliche Einwilligungserkl\u00e4rung jederzeit zu widerrufen. Durch den Widerruf der Einwilligung wird die Rechtm\u00e4\u00dfigkeit der aufgrund der Einwilligung bis zum Widerruf erfolgten Verarbeitung nicht ber\u00fchrt.<\/p>\n<p>Ihnen steht ferner ein Beschwerderecht bei der Datenschutz-Aufsichtsbeh\u00f6rde LfDI Baden-W\u00fcrttemberg zu.<\/p>\n<p>Haben Sie Fragen zur Erhebung, Nutzung oder Verarbeitung Ihrer personenbezogenen Fragen? Wollen Sie von Ihrem Auskunftsrecht oder Ihrem Recht auf Berichtigung, Sperrung oder L\u00f6schung Ihrer Daten Gebrauch machen? Oder m\u00f6chten Sie der Nutzung Ihrer Daten widersprechen bzw. eine bereits erteilte Einwilligung widerrufen?<\/p>\n<p>Dann wenden Sie sich an unseren Datenschutzbeauftragten Herrn Prof. Dr. Christof Mosler Diesen erreichen Sie per E-Mail unter: <a href=\"mailto:datenschutz@hft-stuttgart.de\">datenschutz@hft-stuttgart.de<\/a><\/p>\n<p>Falls Sie einen Datenschutzvorfall bzw. eine Datenschutzverletzung an der HFT der Hochschulleitung und dem HFT-Datenschutzbeauftragten melden m\u00f6chten, verwenden Sie bitte die folgende E-Mail-Adresse: <a href=\"mailto:datenschutzvorfall@hft-stuttgart.de\">datenschutzvorfall@hft-stuttgart.de<\/a><\/p>\n<h2><strong>Plugins und Tools<\/strong><\/h2>\n<h3><strong>Statistische Auswertungen mit Matomo (ehemals PIWIK)<\/strong><\/h3>\n<p>Wir nutzen auf unserer Webseite das Open-Source-Software-Tool Matomo (ehemals PIWIK) zur Analyse des Surfverhaltens unserer Nutzer. Durch die Auswertung der gewonnenen Daten sind wir in der Lage, Informationen \u00fcber die Nutzung der einzelnen Komponenten unserer Webseite zusammenzustellen. Dies hilft uns dabei unsere Webseite und deren Nutzerfreundlichkeit stetig zu verbessern und damit unseren Aufgaben gem\u00e4\u00df \u00a7 2 LHG noch besser nachkommen zu k\u00f6nnen. Die Verarbeitung der Daten zu diesem Zweck erfolgt auf der Rechtsgrundlage des Art. 6 Abs. 1 lit. e DSGVO.<\/p>\n<p>Hierzu setzt das Programm sogenannte Cookies ein. Dabei handelt es sich um Textdateien, welche auf Ihrem PC gespeichert werden, um zu analysieren, wie unsere Webseite von Ihnen genutzt wird. Die durch die Cookies erzeugten Informationen \u00fcber Ihre Nutzung unseres Internetangebots werden auf den Servern der HFT in Stuttgart gespeichert. Die IP-Adresse wird sofort nach der Verarbeitung und vor deren Speicherung anonymisiert.<\/p>\n<p>Die Daten werden gel\u00f6scht, sobald sie f\u00fcr unsere Aufzeichnungszwecke nicht mehr ben\u00f6tigt werden. Die Daten werden von uns nach 30 Tagen gel\u00f6scht. Sie k\u00f6nnen die Verwendung der Cookies durch eine entsprechende Einstellung Ihrer Browser Software verhindern, es kann jedoch sein, dass Sie in diesem Fall gegebenenfalls nicht s\u00e4mtliche Funktionen dieser Webseite voll umf\u00e4nglich nutzen k\u00f6nnen.<\/p>\n<p>Wenn Sie mit der Speicherung und Auswertung der Daten aus Ihrem Besuch nicht einverstanden sind, dann k\u00f6nnen Sie der Speicherung und Nutzung \u00fcber den Link &#8222;Cookie-Einstellungen&#8220; im Footer dieser Website jederzeit widersprechen.<\/p>\n<p><strong>Google Web Fonts<br \/>\n<\/strong><\/p>\n<p>Diese Seite nutzt zur einheitlichen Darstellung von Schriftarten so genannte Web Fonts, die von Google bereitgestellt werden. Beim Aufruf einer Seite l\u00e4dt Ihr Browser die ben\u00f6tigten Web Fonts in ihren Browsercache, um Texte und Schriftarten korrekt anzuzeigen.<\/p>\n<p>Zu diesem Zweck muss der von Ihnen verwendete Browser Verbindung zu den Servern von Google aufnehmen. Hierdurch erlangt Google Kenntnis dar\u00fcber, dass \u00fcber Ihre IP-Adresse unsere Website aufgerufen wurde. Die Nutzung von Google Web Fonts erfolgt im Interesse einer einheitlichen und ansprechenden Darstellung unserer Online-Angebote. Dies stellt ein berechtigtes Interesse im Sinne von Art. 6 Abs. 1 lit. f DSGVO dar.<\/p>\n<p>Wenn Ihr Browser Web Fonts nicht unterst\u00fctzt, wird eine Standardschrift von Ihrem Computer genutzt.<\/p>\n<p>Weitere Informationen zu Google Web Fonts finden Sie unter\u00a0<a href=\"https:\/\/developers.google.com\/fonts\/faq\">https:\/\/developers.google.com\/fonts\/faq<\/a>\u00a0und in der Datenschutzerkl\u00e4rung von Google:\u00a0<a href=\"https:\/\/www.google.com\/policies\/privacy\/\">https:\/\/www.google.com\/policies\/privacy\/<\/a>.<\/p>","protected":false},"excerpt":{"rendered":"<p>Datenschutz und Datenschutzerkl\u00e4rung Allgemeines Wir freuen uns, dass Sie unsere Website besuchen und m\u00f6chten Sie darauf hinweisen, dass beim Besuch unseres Webauftritts auch Daten verarbeitet werden, bei denen ein Personenbezug nicht g\u00e4nzlich ausgeschlossen werden kann. Das Gebot der Datensparsamkeit ist uns wichtig: Personenbezogene Daten werden von uns deswegen ausschlie\u00dflich nur im technisch erforderlichen Umstand und &#8230; <a title=\"Datenschutz\" class=\"read-more\" href=\"https:\/\/www.windycities.de\/de\/privacy\/\" aria-label=\"Mehr dazu unter Datenschutz\">Weiterlesen<\/a><\/p>\n","protected":false},"author":1,"featured_media":0,"parent":0,"menu_order":11,"comment_status":"closed","ping_status":"closed","template":"","meta":{"generate_page_header":""},"_links":{"self":[{"href":"https:\/\/www.windycities.de\/de\/wp-json\/wp\/v2\/pages\/64"}],"collection":[{"href":"https:\/\/www.windycities.de\/de\/wp-json\/wp\/v2\/pages"}],"about":[{"href":"https:\/\/www.windycities.de\/de\/wp-json\/wp\/v2\/types\/page"}],"author":[{"embeddable":true,"href":"https:\/\/www.windycities.de\/de\/wp-json\/wp\/v2\/users\/1"}],"replies":[{"embeddable":true,"href":"https:\/\/www.windycities.de\/de\/wp-json\/wp\/v2\/comments?post=64"}],"version-history":[{"count":13,"href":"https:\/\/www.windycities.de\/de\/wp-json\/wp\/v2\/pages\/64\/revisions"}],"predecessor-version":[{"id":587,"href":"https:\/\/www.windycities.de\/de\/wp-json\/wp\/v2\/pages\/64\/revisions\/587"}],"wp:attachment":[{"href":"https:\/\/www.windycities.de\/de\/wp-json\/wp\/v2\/media?parent=64"}],"curies":[{"name":"wp","href":"https:\/\/api.w.org\/{rel}","templated":true}]}}