{"id":6,"date":"2016-05-09T14:28:08","date_gmt":"2016-05-09T14:28:08","guid":{"rendered":"http:\/\/doctoral-research-program.windycities.eu\/?page_id=6"},"modified":"2021-12-20T15:05:52","modified_gmt":"2021-12-20T15:05:52","slug":"home","status":"publish","type":"page","link":"https:\/\/www.windycities.de\/de\/","title":{"rendered":"Startseite"},"content":{"rendered":"<p><\/p>\n<h1>Promotionskolleg Windy Cities<\/h1>\n<p>Unter dem Stichwort \u201e<strong>Energiewende<\/strong>\u201c wird in dem neuen Promotionskolleg ein zukunftsweisendes Thema hoher gesellschaftlich-\u00f6konomische Sichtbarkeit und Relevanz bearbeitet. Das kooperative Promotionskolleg \u201eWindy Cities\u201c besch\u00e4ftigt sich mit Untersuchungen zum <strong>wirtschaftlichen Einsatz von Kleinwindanlagen zur lokalen dezentralen Stromerzeugung in urbanen R\u00e4umen<\/strong>. Der interdisziplin\u00e4re Ansatz umfasst hierbei Projekte zur Simulation und Visualisierung, zur Entwicklung neuer Energiespeichertechnologien, Test von Prototypen in Windanlagen bis hin zu einem intelligenten Lastmanagement.<\/p>\n<p>Das Promotionskolleg wird \u00fcber das Ministerium f\u00fcr Wissenschaft, Forschung und Kunst Baden-W\u00fcrttemberg gef\u00f6rdert und umfasst 12 Dissertationsprojekte, die in Form von Stipendien vergeben werden.<\/p>\n<h2>Betreuung, Austausch und Interdisziplinarit\u00e4t<\/h2>\n<p>Die Betreuung der Projekte erfolgt jeweils durch ein Tandem aus einem Universit\u00e4ts- und einem HAW-Professor. Durch diese Tandembetreuung wird f\u00fcr die Stipendiatinnen und Stipendiaten ein besonders stimulierendes wissenschaftliches Umfeld geschaffen. \u00dcber die inhaltliche Ausrichtung des Promotionskollegs sind die Projekte eng miteinander verkn\u00fcpft und ein interdisziplin\u00e4rer Austausch wird erm\u00f6glicht. Bei dem regelm\u00e4\u00dfigen Austausch von Ergebnissen und Ideen wird dadurch auch die M\u00f6glichkeit er\u00f6ffnet, einzelne Versuchsreihen in den Laboren anderer Arbeitsgruppen durchzuf\u00fchren und so durch Nutzung eines gr\u00f6\u00dferen Methodenportfolios die Promotion schneller und erfolgreicher abzuschlie\u00dfen.<\/p>\n<p><img loading=\"lazy\" class=\"size-full wp-image-437 aligncenter\" src=\"https:\/\/www.windycities.de\/wp-content\/uploads\/2017\/08\/WC_Gruppenbild.jpg\" alt=\"\" width=\"800\" height=\"419\" srcset=\"https:\/\/www.windycities.de\/wp-content\/uploads\/2017\/08\/WC_Gruppenbild.jpg 800w, https:\/\/www.windycities.de\/wp-content\/uploads\/2017\/08\/WC_Gruppenbild-300x157.jpg 300w, https:\/\/www.windycities.de\/wp-content\/uploads\/2017\/08\/WC_Gruppenbild-768x402.jpg 768w\" sizes=\"(max-width: 800px) 100vw, 800px\" \/><\/p>\n<h3>Impressionen<\/h3>\n<div id=\"envira-gallery-wrap-486\" class=\"envira-gallery-wrap envira-gallery-theme-base envira-lightbox-theme-base\" itemscope itemtype=\"https:\/\/schema.org\/ImageGallery\"><div data-row-height=\"150\" data-gallery-theme=\"normal\" id=\"envira-gallery-486\" class=\"envira-gallery-public envira-gallery-justified-public envira-gallery-0-columns envira-clear enviratope envira-gallery-css-animations\" data-envira-columns=\"0\"><div id=\"envira-gallery-item-487\" class=\"envira-gallery-item enviratope-item envira-gallery-item-1 envira-lazy-load\" style=\"padding-left: 5px; padding-bottom: 10px; padding-right: 5px;\"  itemscope itemtype=\"https:\/\/schema.org\/ImageObject\"><div class=\"envira-gallery-item-inner\"><div class=\"envira-gallery-position-overlay  envira-gallery-top-left\"><\/div><div class=\"envira-gallery-position-overlay  envira-gallery-top-right\"><\/div><div class=\"envira-gallery-position-overlay  envira-gallery-bottom-left\"><\/div><div class=\"envira-gallery-position-overlay  envira-gallery-bottom-right\"><\/div><a href=\"https:\/\/www.windycities.de\/wp-content\/uploads\/2017\/08\/IMG_7834_b_1000px.jpg\" class=\"envira-gallery-486 envira-gallery-link\" rel=\"enviragallery486\" title=\"Windy Cities &copy; HFT Stuttgart\" data-envira-caption=\"Windy Cities &copy; HFT Stuttgart\" data-envira-retina=\"\" data-thumbnail=\"\"  itemprop=\"contentUrl\"><img id=\"envira-gallery-image-487\" class=\"envira-gallery-image envira-gallery-image-1 envira-normal envira-lazy\" data-envira-index=\"1\" src=\"https:\/\/www.windycities.de\/wp-content\/uploads\/2017\/08\/IMG_7834_b_1000px.jpg\" data-envira-src=\"https:\/\/www.windycities.de\/wp-content\/uploads\/2017\/08\/IMG_7834_b_1000px.jpg\" data-envira-gallery-id=\"486\" data-envira-item-id=\"487\" data-envira-caption=\"Windy Cities &copy; HFT Stuttgart\" alt=\"Windy Cities \u00a9 HFT Stuttgart\" title=\"Windy Cities \u00a9 HFT Stuttgart\"  itemprop=\"thumbnailUrl\" data-envira-srcset=\"https:\/\/www.windycities.de\/wp-content\/uploads\/2017\/08\/IMG_7834_b_1000px.jpg 400w,https:\/\/www.windycities.de\/wp-content\/uploads\/2017\/08\/IMG_7834_b_1000px.jpg 2x\" data-envira-width=\"300\" data-envira-height=\"200\" srcset=\"data:image\/gif;base64,R0lGODlhAQABAIAAAP\/\/\/\/\/\/\/yH5BAEKAAEALAAAAAABAAEAAAICTAEAOw==\" data-safe-src=\"data:image\/gif;base64,R0lGODlhAQABAIAAAP\/\/\/\/\/\/\/yH5BAEKAAEALAAAAAABAAEAAAICTAEAOw==\" \/><\/a><\/div><\/div><div id=\"envira-gallery-item-488\" class=\"envira-gallery-item enviratope-item envira-gallery-item-2 envira-lazy-load\" style=\"padding-left: 5px; padding-bottom: 10px; padding-right: 5px;\"  itemscope itemtype=\"https:\/\/schema.org\/ImageObject\"><div class=\"envira-gallery-item-inner\"><div class=\"envira-gallery-position-overlay  envira-gallery-top-left\"><\/div><div class=\"envira-gallery-position-overlay  envira-gallery-top-right\"><\/div><div class=\"envira-gallery-position-overlay  envira-gallery-bottom-left\"><\/div><div class=\"envira-gallery-position-overlay  envira-gallery-bottom-right\"><\/div><a href=\"https:\/\/www.windycities.de\/wp-content\/uploads\/2017\/08\/IMG_7837_b_1000px.jpg\" class=\"envira-gallery-486 envira-gallery-link\" rel=\"enviragallery486\" title=\"Windy Cities &copy; HFT Stuttgart\" data-envira-caption=\"Windy Cities &copy; HFT Stuttgart\" data-envira-retina=\"\" data-thumbnail=\"\"  itemprop=\"contentUrl\"><img id=\"envira-gallery-image-488\" class=\"envira-gallery-image envira-gallery-image-2 envira-normal envira-lazy\" data-envira-index=\"2\" src=\"https:\/\/www.windycities.de\/wp-content\/uploads\/2017\/08\/IMG_7837_b_1000px.jpg\" data-envira-src=\"https:\/\/www.windycities.de\/wp-content\/uploads\/2017\/08\/IMG_7837_b_1000px.jpg\" data-envira-gallery-id=\"486\" data-envira-item-id=\"488\" data-envira-caption=\"Windy Cities &copy; HFT Stuttgart\" alt=\"Windy Cities \u00a9 HFT Stuttgart\" title=\"Windy Cities \u00a9 HFT Stuttgart\"  itemprop=\"thumbnailUrl\" data-envira-srcset=\"https:\/\/www.windycities.de\/wp-content\/uploads\/2017\/08\/IMG_7837_b_1000px.jpg 400w,https:\/\/www.windycities.de\/wp-content\/uploads\/2017\/08\/IMG_7837_b_1000px.jpg 2x\" data-envira-width=\"300\" data-envira-height=\"209\" srcset=\"data:image\/gif;base64,R0lGODlhAQABAIAAAP\/\/\/\/\/\/\/yH5BAEKAAEALAAAAAABAAEAAAICTAEAOw==\" data-safe-src=\"data:image\/gif;base64,R0lGODlhAQABAIAAAP\/\/\/\/\/\/\/yH5BAEKAAEALAAAAAABAAEAAAICTAEAOw==\" \/><\/a><\/div><\/div><div id=\"envira-gallery-item-489\" class=\"envira-gallery-item enviratope-item envira-gallery-item-3 envira-lazy-load\" style=\"padding-left: 5px; padding-bottom: 10px; padding-right: 5px;\"  itemscope itemtype=\"https:\/\/schema.org\/ImageObject\"><div class=\"envira-gallery-item-inner\"><div class=\"envira-gallery-position-overlay  envira-gallery-top-left\"><\/div><div class=\"envira-gallery-position-overlay  envira-gallery-top-right\"><\/div><div class=\"envira-gallery-position-overlay  envira-gallery-bottom-left\"><\/div><div class=\"envira-gallery-position-overlay  envira-gallery-bottom-right\"><\/div><a href=\"https:\/\/www.windycities.de\/wp-content\/uploads\/2017\/08\/IMG_7861_1000px.jpg\" class=\"envira-gallery-486 envira-gallery-link\" rel=\"enviragallery486\" title=\"Windy Cities &copy; HFT Stuttgart\" data-envira-caption=\"Windy Cities &copy; HFT Stuttgart\" data-envira-retina=\"\" data-thumbnail=\"\"  itemprop=\"contentUrl\"><img id=\"envira-gallery-image-489\" class=\"envira-gallery-image envira-gallery-image-3 envira-normal envira-lazy\" data-envira-index=\"3\" src=\"https:\/\/www.windycities.de\/wp-content\/uploads\/2017\/08\/IMG_7861_1000px.jpg\" data-envira-src=\"https:\/\/www.windycities.de\/wp-content\/uploads\/2017\/08\/IMG_7861_1000px.jpg\" data-envira-gallery-id=\"486\" data-envira-item-id=\"489\" data-envira-caption=\"Windy Cities &copy; HFT Stuttgart\" alt=\"Windy Cities \u00a9 HFT Stuttgart\" title=\"Windy Cities \u00a9 HFT Stuttgart\"  itemprop=\"thumbnailUrl\" data-envira-srcset=\"https:\/\/www.windycities.de\/wp-content\/uploads\/2017\/08\/IMG_7861_1000px.jpg 400w,https:\/\/www.windycities.de\/wp-content\/uploads\/2017\/08\/IMG_7861_1000px.jpg 2x\" data-envira-width=\"300\" data-envira-height=\"200\" srcset=\"data:image\/gif;base64,R0lGODlhAQABAIAAAP\/\/\/\/\/\/\/yH5BAEKAAEALAAAAAABAAEAAAICTAEAOw==\" data-safe-src=\"data:image\/gif;base64,R0lGODlhAQABAIAAAP\/\/\/\/\/\/\/yH5BAEKAAEALAAAAAABAAEAAAICTAEAOw==\" \/><\/a><\/div><\/div><div id=\"envira-gallery-item-490\" class=\"envira-gallery-item enviratope-item envira-gallery-item-4 envira-lazy-load\" style=\"padding-left: 5px; padding-bottom: 10px; padding-right: 5px;\"  itemscope itemtype=\"https:\/\/schema.org\/ImageObject\"><div class=\"envira-gallery-item-inner\"><div class=\"envira-gallery-position-overlay  envira-gallery-top-left\"><\/div><div class=\"envira-gallery-position-overlay  envira-gallery-top-right\"><\/div><div class=\"envira-gallery-position-overlay  envira-gallery-bottom-left\"><\/div><div class=\"envira-gallery-position-overlay  envira-gallery-bottom-right\"><\/div><a href=\"https:\/\/www.windycities.de\/wp-content\/uploads\/2017\/08\/IMG_7899_b_1000px.jpg\" class=\"envira-gallery-486 envira-gallery-link\" rel=\"enviragallery486\" title=\"Windy Cities &copy; HFT Stuttgart\" data-envira-caption=\"Windy Cities &copy; HFT Stuttgart\" data-envira-retina=\"\" data-thumbnail=\"\"  itemprop=\"contentUrl\"><img id=\"envira-gallery-image-490\" class=\"envira-gallery-image envira-gallery-image-4 envira-normal envira-lazy\" data-envira-index=\"4\" src=\"https:\/\/www.windycities.de\/wp-content\/uploads\/2017\/08\/IMG_7899_b_1000px.jpg\" data-envira-src=\"https:\/\/www.windycities.de\/wp-content\/uploads\/2017\/08\/IMG_7899_b_1000px.jpg\" data-envira-gallery-id=\"486\" data-envira-item-id=\"490\" data-envira-caption=\"Windy Cities &copy; HFT Stuttgart\" alt=\"Windy Cities \u00a9 HFT Stuttgart\" title=\"Windy Cities \u00a9 HFT Stuttgart\"  itemprop=\"thumbnailUrl\" data-envira-srcset=\"https:\/\/www.windycities.de\/wp-content\/uploads\/2017\/08\/IMG_7899_b_1000px.jpg 400w,https:\/\/www.windycities.de\/wp-content\/uploads\/2017\/08\/IMG_7899_b_1000px.jpg 2x\" data-envira-width=\"300\" data-envira-height=\"208\" srcset=\"data:image\/gif;base64,R0lGODlhAQABAIAAAP\/\/\/\/\/\/\/yH5BAEKAAEALAAAAAABAAEAAAICTAEAOw==\" data-safe-src=\"data:image\/gif;base64,R0lGODlhAQABAIAAAP\/\/\/\/\/\/\/yH5BAEKAAEALAAAAAABAAEAAAICTAEAOw==\" \/><\/a><\/div><\/div><div id=\"envira-gallery-item-491\" class=\"envira-gallery-item enviratope-item envira-gallery-item-5 envira-lazy-load\" style=\"padding-left: 5px; padding-bottom: 10px; padding-right: 5px;\"  itemscope itemtype=\"https:\/\/schema.org\/ImageObject\"><div class=\"envira-gallery-item-inner\"><div class=\"envira-gallery-position-overlay  envira-gallery-top-left\"><\/div><div class=\"envira-gallery-position-overlay  envira-gallery-top-right\"><\/div><div class=\"envira-gallery-position-overlay  envira-gallery-bottom-left\"><\/div><div class=\"envira-gallery-position-overlay  envira-gallery-bottom-right\"><\/div><a href=\"https:\/\/www.windycities.de\/wp-content\/uploads\/2017\/08\/IMG_7901_1000px.jpg\" class=\"envira-gallery-486 envira-gallery-link\" rel=\"enviragallery486\" title=\"Windy Cities &copy; HFT Stuttgart\" data-envira-caption=\"Windy Cities &copy; HFT Stuttgart\" data-envira-retina=\"\" data-thumbnail=\"\"  itemprop=\"contentUrl\"><img id=\"envira-gallery-image-491\" class=\"envira-gallery-image envira-gallery-image-5 envira-normal envira-lazy\" data-envira-index=\"5\" src=\"https:\/\/www.windycities.de\/wp-content\/uploads\/2017\/08\/IMG_7901_1000px.jpg\" data-envira-src=\"https:\/\/www.windycities.de\/wp-content\/uploads\/2017\/08\/IMG_7901_1000px.jpg\" data-envira-gallery-id=\"486\" data-envira-item-id=\"491\" data-envira-caption=\"Windy Cities &copy; HFT Stuttgart\" alt=\"Windy Cities \u00a9 HFT Stuttgart\" title=\"Windy Cities \u00a9 HFT Stuttgart\"  itemprop=\"thumbnailUrl\" data-envira-srcset=\"https:\/\/www.windycities.de\/wp-content\/uploads\/2017\/08\/IMG_7901_1000px.jpg 400w,https:\/\/www.windycities.de\/wp-content\/uploads\/2017\/08\/IMG_7901_1000px.jpg 2x\" data-envira-width=\"300\" data-envira-height=\"200\" srcset=\"data:image\/gif;base64,R0lGODlhAQABAIAAAP\/\/\/\/\/\/\/yH5BAEKAAEALAAAAAABAAEAAAICTAEAOw==\" data-safe-src=\"data:image\/gif;base64,R0lGODlhAQABAIAAAP\/\/\/\/\/\/\/yH5BAEKAAEALAAAAAABAAEAAAICTAEAOw==\" \/><\/a><\/div><\/div><div id=\"envira-gallery-item-492\" class=\"envira-gallery-item enviratope-item envira-gallery-item-6 envira-lazy-load\" style=\"padding-left: 5px; padding-bottom: 10px; padding-right: 5px;\"  itemscope itemtype=\"https:\/\/schema.org\/ImageObject\"><div class=\"envira-gallery-item-inner\"><div class=\"envira-gallery-position-overlay  envira-gallery-top-left\"><\/div><div class=\"envira-gallery-position-overlay  envira-gallery-top-right\"><\/div><div class=\"envira-gallery-position-overlay  envira-gallery-bottom-left\"><\/div><div class=\"envira-gallery-position-overlay  envira-gallery-bottom-right\"><\/div><a href=\"https:\/\/www.windycities.de\/wp-content\/uploads\/2017\/08\/WC-Sommerfest-c-Presse-Uni-Stuttgart_1000px.jpg\" class=\"envira-gallery-486 envira-gallery-link\" rel=\"enviragallery486\" title=\"Windy Cities Sommerfest &copy; Presse Uni Stuttgart\" data-envira-caption=\"Windy Cities Sommerfest &copy; Presse Uni Stuttgart\" data-envira-retina=\"\" data-thumbnail=\"\"  itemprop=\"contentUrl\"><img id=\"envira-gallery-image-492\" class=\"envira-gallery-image envira-gallery-image-6 envira-normal envira-lazy\" data-envira-index=\"6\" src=\"https:\/\/www.windycities.de\/wp-content\/uploads\/2017\/08\/WC-Sommerfest-c-Presse-Uni-Stuttgart_1000px.jpg\" data-envira-src=\"https:\/\/www.windycities.de\/wp-content\/uploads\/2017\/08\/WC-Sommerfest-c-Presse-Uni-Stuttgart_1000px.jpg\" data-envira-gallery-id=\"486\" data-envira-item-id=\"492\" data-envira-caption=\"Windy Cities Sommerfest &copy; Presse Uni Stuttgart\" alt=\"Windy Cities Sommerfest \u00a9 Presse Uni Stuttgart\" title=\"Windy Cities Sommerfest \u00a9 Presse Uni Stuttgart\"  itemprop=\"thumbnailUrl\" data-envira-srcset=\"https:\/\/www.windycities.de\/wp-content\/uploads\/2017\/08\/WC-Sommerfest-c-Presse-Uni-Stuttgart_1000px.jpg 400w,https:\/\/www.windycities.de\/wp-content\/uploads\/2017\/08\/WC-Sommerfest-c-Presse-Uni-Stuttgart_1000px.jpg 2x\" data-envira-width=\"300\" data-envira-height=\"225\" srcset=\"data:image\/gif;base64,R0lGODlhAQABAIAAAP\/\/\/\/\/\/\/yH5BAEKAAEALAAAAAABAAEAAAICTAEAOw==\" data-safe-src=\"data:image\/gif;base64,R0lGODlhAQABAIAAAP\/\/\/\/\/\/\/yH5BAEKAAEALAAAAAABAAEAAAICTAEAOw==\" \/><\/a><\/div><\/div><\/div><\/div><noscript><img src=\"https:\/\/www.windycities.de\/wp-content\/uploads\/2017\/08\/IMG_7834_b_1000px.jpg\" alt=\"Windy Cities \u00a9 HFT Stuttgart\" \/><img src=\"https:\/\/www.windycities.de\/wp-content\/uploads\/2017\/08\/IMG_7837_b_1000px.jpg\" alt=\"Windy Cities \u00a9 HFT Stuttgart\" \/><img src=\"https:\/\/www.windycities.de\/wp-content\/uploads\/2017\/08\/IMG_7861_1000px.jpg\" alt=\"Windy Cities \u00a9 HFT Stuttgart\" \/><img src=\"https:\/\/www.windycities.de\/wp-content\/uploads\/2017\/08\/IMG_7899_b_1000px.jpg\" alt=\"Windy Cities \u00a9 HFT Stuttgart\" \/><img src=\"https:\/\/www.windycities.de\/wp-content\/uploads\/2017\/08\/IMG_7901_1000px.jpg\" alt=\"Windy Cities \u00a9 HFT Stuttgart\" \/><img src=\"https:\/\/www.windycities.de\/wp-content\/uploads\/2017\/08\/WC-Sommerfest-c-Presse-Uni-Stuttgart_1000px.jpg\" alt=\"Windy Cities Sommerfest \u00a9 Presse Uni Stuttgart\" \/><\/noscript>\n<p>\u201eWindy Cities\u201c ist an das <a href=\"https:\/\/www.gradus.uni-stuttgart.de\/index.en.html\" target=\"_blank\" rel=\"noopener\">course program GRADus of the University of Stuttgart<\/a> angebunden, was den Mitgliedern eine gro\u00dfe Bandbreite an Qualifizierungsm\u00f6glichkeiten er\u00f6ffnet. Hierbei werden Hard- und Softskills \u00fcber die gesamte Zeit des Promotionsvorhabens gleicherma\u00dfen gef\u00f6rdert.<\/p>\n\n\n<p><\/p>","protected":false},"excerpt":{"rendered":"<p>Promotionskolleg Windy Cities Unter dem Stichwort \u201eEnergiewende\u201c wird in dem neuen Promotionskolleg ein zukunftsweisendes Thema hoher gesellschaftlich-\u00f6konomische Sichtbarkeit und Relevanz bearbeitet. Das kooperative Promotionskolleg \u201eWindy Cities\u201c besch\u00e4ftigt sich mit Untersuchungen zum wirtschaftlichen Einsatz von Kleinwindanlagen zur lokalen dezentralen Stromerzeugung in urbanen R\u00e4umen. Der interdisziplin\u00e4re Ansatz umfasst hierbei Projekte zur Simulation und Visualisierung, zur Entwicklung neuer &#8230; <a title=\"Startseite\" class=\"read-more\" href=\"https:\/\/www.windycities.de\/de\/\" aria-label=\"Mehr dazu unter Startseite\">Weiterlesen<\/a><\/p>\n","protected":false},"author":1,"featured_media":0,"parent":0,"menu_order":3,"comment_status":"closed","ping_status":"closed","template":"","meta":{"generate_page_header":""},"_links":{"self":[{"href":"https:\/\/www.windycities.de\/de\/wp-json\/wp\/v2\/pages\/6"}],"collection":[{"href":"https:\/\/www.windycities.de\/de\/wp-json\/wp\/v2\/pages"}],"about":[{"href":"https:\/\/www.windycities.de\/de\/wp-json\/wp\/v2\/types\/page"}],"author":[{"embeddable":true,"href":"https:\/\/www.windycities.de\/de\/wp-json\/wp\/v2\/users\/1"}],"replies":[{"embeddable":true,"href":"https:\/\/www.windycities.de\/de\/wp-json\/wp\/v2\/comments?post=6"}],"version-history":[{"count":42,"href":"https:\/\/www.windycities.de\/de\/wp-json\/wp\/v2\/pages\/6\/revisions"}],"predecessor-version":[{"id":601,"href":"https:\/\/www.windycities.de\/de\/wp-json\/wp\/v2\/pages\/6\/revisions\/601"}],"wp:attachment":[{"href":"https:\/\/www.windycities.de\/de\/wp-json\/wp\/v2\/media?parent=6"}],"curies":[{"name":"wp","href":"https:\/\/api.w.org\/{rel}","templated":true}]}}